{"id":5034,"date":"2019-11-05T19:16:18","date_gmt":"2019-11-05T17:16:18","guid":{"rendered":"https:\/\/akki.ut.ee\/tu_koostoonaited\/"},"modified":"2020-01-16T22:53:59","modified_gmt":"2020-01-16T20:53:59","slug":"tu_koostoonaited","status":"publish","type":"page","link":"https:\/\/akki.ut.ee\/en\/tu_koostoonaited\/","title":{"rendered":"Examples of collaboration with the University of Tartu"},"content":{"rendered":"[vc_row type=&#8221;in_container&#8221; full_screen_row_position=&#8221;middle&#8221; scene_position=&#8221;center&#8221; text_color=&#8221;dark&#8221; text_align=&#8221;left&#8221; overlay_strength=&#8221;0.3&#8243; shape_divider_position=&#8221;bottom&#8221; bg_image_animation=&#8221;none&#8221;][vc_column column_padding=&#8221;no-extra-padding&#8221; column_padding_position=&#8221;all&#8221; background_color_opacity=&#8221;1&#8243; background_hover_color_opacity=&#8221;1&#8243; column_link_target=&#8221;_self&#8221; column_shadow=&#8221;none&#8221; column_border_radius=&#8221;none&#8221; width=&#8221;1\/1&#8243; tablet_width_inherit=&#8221;default&#8221; tablet_text_alignment=&#8221;default&#8221; phone_text_alignment=&#8221;default&#8221; column_border_width=&#8221;none&#8221; column_border_style=&#8221;solid&#8221; bg_image_animation=&#8221;none&#8221;][vc_custom_heading text=&#8221;Examples of collaboration with the University of Tartu&#8221; font_container=&#8221;tag:h2|text_align:center&#8221; use_theme_fonts=&#8221;yes&#8221;][\/vc_column][\/vc_row][vc_row type=&#8221;in_container&#8221; full_screen_row_position=&#8221;middle&#8221; scene_position=&#8221;center&#8221; text_color=&#8221;dark&#8221; text_align=&#8221;left&#8221; overlay_strength=&#8221;0.3&#8243; shape_divider_position=&#8221;bottom&#8221; bg_image_animation=&#8221;none&#8221;][vc_column column_padding=&#8221;no-extra-padding&#8221; column_padding_position=&#8221;all&#8221; background_color_opacity=&#8221;1&#8243; background_hover_color_opacity=&#8221;1&#8243; column_link_target=&#8221;_self&#8221; column_shadow=&#8221;none&#8221; column_border_radius=&#8221;none&#8221; width=&#8221;1\/1&#8243; tablet_width_inherit=&#8221;default&#8221; tablet_text_alignment=&#8221;default&#8221; phone_text_alignment=&#8221;default&#8221; column_border_width=&#8221;none&#8221; column_border_style=&#8221;solid&#8221; bg_image_animation=&#8221;none&#8221;][vc_row_inner column_margin=&#8221;default&#8221; text_align=&#8221;left&#8221;][vc_column_inner column_padding=&#8221;no-extra-padding&#8221; column_padding_position=&#8221;all&#8221; background_color_opacity=&#8221;1&#8243; background_hover_color_opacity=&#8221;1&#8243; column_shadow=&#8221;none&#8221; column_border_radius=&#8221;none&#8221; column_link_target=&#8221;_self&#8221; width=&#8221;1\/1&#8243; tablet_width_inherit=&#8221;default&#8221; column_border_width=&#8221;none&#8221; column_border_style=&#8221;solid&#8221; bg_image_animation=&#8221;none&#8221;]<div class=\"nectar-fancy-ul\" data-list-icon=\"fa fa-circle-o\" data-animation=\"false\" data-animation-delay=\"0\" data-color=\"accent-color\" data-spacing=\"default\" data-alignment=\"left\"> \n<h3>Collaborations<\/h3>\n<div class=\"page\" title=\"Page 1\">\n<div class=\"layoutArea\">\n<div class=\"column\">\n<ul>\n<li>Government program \u201cAgricultural applied research and development from 2009\u20132014\u201d: Method development for <strong>perfluoroalkyl compounds in food<\/strong> and testing.<\/li>\n<li>Government program \u201cAgricultural applied research and development from 2004\u20132008\u201d: HPLC and LC-MS method development for <strong>pesticide residues in food and feed<\/strong>. Quality control.<\/li>\n<li>\u201cModeling conditions for the<strong> selective extraction of impurities from pharmaceutical intermediates<\/strong>\u201d (Pfizer Inc)<\/li>\n<li>\u201cSetting up testing methods for<strong> thermal and mechanical durability and cleanliness of plastic products<\/strong>.\u201d (Promens AS)<\/li>\n<li>\u201cDevelopment and validation of a method for<strong> determination of antibiotics in sewage sludge compost<\/strong>\u201d (Tallinn University of Technology,\u00a0UTT Tartu College)<\/li>\n<li>\u201cDevelopment and validation of a method for <strong>determination of antibiotic residues<\/strong>\u201d (Tallinn University of Technology)<\/li>\n<\/ul>\n<div class=\"page\" title=\"Page 1\">\n<div class=\"layoutArea\">\n<div class=\"column\">\n<h3>REACH<\/h3>\n<ul>\n<li>\u201c<strong>Characterization of chemical products<\/strong> for REACH registration using instrumental analysis methods\u201d (Molycorp Silmet AS)<\/li>\n<li>\u201c<strong>Characterization and classification of shale oil products<\/strong>\u201d (Viru Keemia Grupp AS)<\/li>\n<li>\u201c<strong>Characterization and classification of shale oil products<\/strong>\u201d (Eesti Energia \u00d5lit\u00f6\u00f6stus AS, Tiroler Stein\u00f6lwerke Albrecht GmbH &amp; CoKG)<\/li>\n<li>\u201c<strong>Characterization of ammonia, urea and aqueous ammonia<\/strong> using methods of chemical analysis.\u201d (Nitrofert AS)<\/li>\n<\/ul>\n<h3>Research projects on cultural goods<\/h3>\n<ul>\n<li><strong>Research and conservation project called \u201cRode Altarpiece in Close-up\u201d<\/strong>\u00a0(duration of the project was 2013\u20132016). This work was carried out in collaboration with Niguliste Museum, one of the branches of the Art Museum of Estonia. Art Museum of Estonia started in 2013 comprehensive project related to the history, technical investigation and conservation of the Retable of the High Altar of Tallinn\u2019s St. Nicholas\u2019 Church. The retable (made in the workshop of the L\u00fcbeck master Hermen Rode) is one of the grandest and best-preserved northern German altars from the Late Middle Ages.<\/li>\n<li><strong>Technical chemical material research of the architectural terracotta sculptures of St. John\u2019s Church in Tartu\u00a0<\/strong>(church and sculptures 14th c, polychromy of unknown date). This work is carried out in collaboration with The Estonian Academy of Arts.<strong>\u00a0<\/strong><\/li>\n<li><strong>Comprehensive paint investigation of the upper part of the altar in the Tallinn Holy Spirit Church.\u00a0<\/strong>Investigation was carried out in 2009 in collaboration with Conservation and Digitization Centre Kanut. One of the most distinguished examples of altaripiece art in Estonia is the late medieval retable of the high altar in the Church of the Holy Spirit, completed in the workshop of Bernt Notke, in 1483.<\/li>\n<li><strong>Material analysis of the findings from the clinker-built Salme ship.\u00a0<\/strong>Collaboration with Institute of History and Archaeology, Chair of Archaeology, University of Tartu. Salme ship of Scandinavian origin was discovered in 2008 near Salme village in Saaremaa Estonia. This is the first prehistoric ship find in the eastern Baltic, preliminarily dated to be around 1300-1100 years old.<strong>\u00a0.<\/strong><\/li>\n<li><strong>Historical and material study of the over-painted altar and pulpit in the church of St. Mary, Vigala.\u00a0<\/strong>Christian Ackermann, a leading woodcarver in Estonia, created the altar and pulpit in the second half of the 17th century. Investigation was carried out in 2006 in collaboration with Conservation and Digitization Centre Kanut.<\/li>\n<li><strong>Comprehensive paint investigation of mural painting of the guild-hall in the Tallinn Town Hall.<\/strong>Tallinn Town Hall is the oldest surviving Town Hall in the Baltic countries and Scandinavia. The building history of the Town Hall goes back to the 13<sup>th<\/sup>\u00a0Investigation was carried out in 2005 in collaboration with Conservation and Digitization Centre Kanut.<\/li>\n<li><strong>Paint Investigation of the ceiling of the gallery in the Alatskivi Castle\u00a0<\/strong>was carried out in 2010. Collaboration with O\u00dc ARC Project, Estonia.<\/li>\n<li><strong>Comprehensive paint investigations of the three valuable paintings made by famous Estonian artist Kristjan Raud\u00a0<\/strong>(all these paintings were made in time period of 1900-1940)<strong>: \u201cR\u00e4ndaja, \u201cPesu\u201d and \u201cKalev kosjas\u201d.\u00a0<\/strong>Investigation was carried out in 2007 in collaboration with Art Museum of Estonia (KUMU).<\/li>\n<li><strong>Paint investigation of the famous painting \u201cLennuk\u201d made by Estonian artist Nikolai Triik\u00a0<\/strong>(made in 1910)<strong>.<\/strong>\u00a0Investigation was carried out in 2008 in collaboration with Art Museum of Estonia (KUMU).<\/li>\n<\/ul>\n<\/div>\n<\/div>\n<\/div>\n<\/div>\n<\/div>\n<\/div>\n <\/div>[\/vc_column_inner][\/vc_row_inner][\/vc_column][\/vc_row][vc_row type=&#8221;in_container&#8221; full_screen_row_position=&#8221;middle&#8221; scene_position=&#8221;center&#8221; text_color=&#8221;dark&#8221; text_align=&#8221;left&#8221; overlay_strength=&#8221;0.3&#8243; shape_divider_position=&#8221;bottom&#8221; bg_image_animation=&#8221;none&#8221;][vc_column column_padding=&#8221;no-extra-padding&#8221; column_padding_position=&#8221;all&#8221; background_color_opacity=&#8221;1&#8243; background_hover_color_opacity=&#8221;1&#8243; column_link_target=&#8221;_self&#8221; column_shadow=&#8221;none&#8221; column_border_radius=&#8221;none&#8221; width=&#8221;1\/1&#8243; tablet_width_inherit=&#8221;default&#8221; tablet_text_alignment=&#8221;default&#8221; phone_text_alignment=&#8221;default&#8221; column_border_width=&#8221;none&#8221; column_border_style=&#8221;solid&#8221; bg_image_animation=&#8221;none&#8221;][vc_widget_sidebar sidebar_id=&#8221;page-sidebar&#8221;][\/vc_column][\/vc_row]\n","protected":false},"excerpt":{"rendered":"<p>[vc_row type=&#8221;in_container&#8221; full_screen_row_position=&#8221;middle&#8221; scene_position=&#8221;center&#8221; text_color=&#8221;dark&#8221; text_align=&#8221;left&#8221; overlay_strength=&#8221;0.3&#8243; shape_divider_position=&#8221;bottom&#8221; bg_image_animation=&#8221;none&#8221;][vc_column column_padding=&#8221;no-extra-padding&#8221; column_padding_position=&#8221;all&#8221; background_color_opacity=&#8221;1&#8243; background_hover_color_opacity=&#8221;1&#8243; column_link_target=&#8221;_self&#8221; column_shadow=&#8221;none&#8221; column_border_radius=&#8221;none&#8221; width=&#8221;1\/1&#8243; tablet_width_inherit=&#8221;default&#8221; tablet_text_alignment=&#8221;default&#8221; phone_text_alignment=&#8221;default&#8221; column_border_width=&#8221;none&#8221; column_border_style=&#8221;solid&#8221; bg_image_animation=&#8221;none&#8221;][vc_custom_heading text=&#8221;Examples of collaboration with the University of&#8230;<\/p>\n","protected":false},"author":2,"featured_media":0,"parent":0,"menu_order":0,"comment_status":"closed","ping_status":"closed","template":"","meta":{"footnotes":""},"class_list":["post-5034","page","type-page","status-publish"],"_links":{"self":[{"href":"https:\/\/akki.ut.ee\/en\/wp-json\/wp\/v2\/pages\/5034","targetHints":{"allow":["GET"]}}],"collection":[{"href":"https:\/\/akki.ut.ee\/en\/wp-json\/wp\/v2\/pages"}],"about":[{"href":"https:\/\/akki.ut.ee\/en\/wp-json\/wp\/v2\/types\/page"}],"author":[{"embeddable":true,"href":"https:\/\/akki.ut.ee\/en\/wp-json\/wp\/v2\/users\/2"}],"replies":[{"embeddable":true,"href":"https:\/\/akki.ut.ee\/en\/wp-json\/wp\/v2\/comments?post=5034"}],"version-history":[{"count":4,"href":"https:\/\/akki.ut.ee\/en\/wp-json\/wp\/v2\/pages\/5034\/revisions"}],"predecessor-version":[{"id":5038,"href":"https:\/\/akki.ut.ee\/en\/wp-json\/wp\/v2\/pages\/5034\/revisions\/5038"}],"wp:attachment":[{"href":"https:\/\/akki.ut.ee\/en\/wp-json\/wp\/v2\/media?parent=5034"}],"curies":[{"name":"wp","href":"https:\/\/api.w.org\/{rel}","templated":true}]}}